{"id":2,"date":"2026-03-03T21:12:39","date_gmt":"2026-03-03T21:12:39","guid":{"rendered":"https:\/\/vulcano-design.cz\/?page_id=2"},"modified":"2026-04-13T10:58:46","modified_gmt":"2026-04-13T10:58:46","slug":"o-nas","status":"publish","type":"page","link":"https:\/\/vulcano-design.cz\/cs_cz\/o-nas\/","title":{"rendered":"O n\u00e1s"},"content":{"rendered":"\n<p>Nechci prod\u00e1vat jen produkt, ale chci prod\u00e1vat i sv\u016fj p\u0159\u00edb\u011bh!<\/p>\n\n\n\n<p><\/p>\n\n\n\n<p><\/p>\n\n\n\n<p>Od v\u00fdrobku a\u017e k poctiv\u00e9mu robustn\u00edmu v\u00fdrobku.<\/p>\n\n\n\n<p>Luxus, pevnost, v\u00fddr\u017e, dlouh\u00e1 \u017eivotnost&#8230; to jsou hesla, kter\u00fdmi se ve sv\u00e9m podnik\u00e1n\u00ed \u0159\u00edd\u00edm.<\/p>\n\n\n\n<p><\/p>\n\n\n\n<p>Jsem t\u00e1ta na t\u0159ech front\u00e1ch &#8211; PR\u00c1CE &#8211; D\u011aTI &#8211; PODNIK\u00c1N\u00cd po pr\u00e1ci, po ve\u010derech.<\/p>\n\n\n\n<p><\/p>\n\n\n\n<p>D\u011bl\u00e1m to pro svoje d\u011bti jako p\u0159\u00edklad a vzor do \u017eivota.<\/p>\n\n\n\n<p><\/p>\n\n\n\n<p>Ohe\u0148 je symbol m\u00e9ho znamen\u00ed &#8211; BERAN<\/p>\n","protected":false},"excerpt":{"rendered":"<p>Nechci prod\u00e1vat jen produkt, ale chci prod\u00e1vat i sv\u016fj p\u0159\u00edb\u011bh! Od v\u00fdrobku a\u017e k poctiv\u00e9mu robustn\u00edmu v\u00fdrobku. Luxus, pevnost, v\u00fddr\u017e, dlouh\u00e1 \u017eivotnost&#8230; to jsou hesla, kter\u00fdmi se ve sv\u00e9m podnik\u00e1n\u00ed \u0159\u00edd\u00edm. Jsem t\u00e1ta na t\u0159ech front\u00e1ch &#8211; PR\u00c1CE &#8211; D\u011aTI &#8211; PODNIK\u00c1N\u00cd po pr\u00e1ci, po ve\u010derech. D\u011bl\u00e1m to pro svoje d\u011bti jako p\u0159\u00edklad a vzor<\/p>\n<div class=\"more-link\">\n             <a href=\"https:\/\/vulcano-design.cz\/cs_cz\/o-nas\/\" class=\"theme-btn\"><span>Pokra\u010dovat ve \u010dten\u00ed <\/span><i class=\"bi bi-arrow-right\"><\/i><\/a>\n        <\/div>\n","protected":false},"author":1,"featured_media":0,"parent":0,"menu_order":0,"comment_status":"closed","ping_status":"closed","template":"","meta":{"_monsterinsights_skip_tracking":false,"_monsterinsights_sitenote_active":false,"_monsterinsights_sitenote_note":"","_monsterinsights_sitenote_category":0,"footnotes":""},"class_list":["post-2","page","type-page","status-publish","hentry"],"aioseo_notices":[],"jetpack_sharing_enabled":true,"_links":{"self":[{"href":"https:\/\/vulcano-design.cz\/cs_cz\/wp-json\/wp\/v2\/pages\/2","targetHints":{"allow":["GET"]}}],"collection":[{"href":"https:\/\/vulcano-design.cz\/cs_cz\/wp-json\/wp\/v2\/pages"}],"about":[{"href":"https:\/\/vulcano-design.cz\/cs_cz\/wp-json\/wp\/v2\/types\/page"}],"author":[{"embeddable":true,"href":"https:\/\/vulcano-design.cz\/cs_cz\/wp-json\/wp\/v2\/users\/1"}],"replies":[{"embeddable":true,"href":"https:\/\/vulcano-design.cz\/cs_cz\/wp-json\/wp\/v2\/comments?post=2"}],"version-history":[{"count":3,"href":"https:\/\/vulcano-design.cz\/cs_cz\/wp-json\/wp\/v2\/pages\/2\/revisions"}],"predecessor-version":[{"id":106,"href":"https:\/\/vulcano-design.cz\/cs_cz\/wp-json\/wp\/v2\/pages\/2\/revisions\/106"}],"wp:attachment":[{"href":"https:\/\/vulcano-design.cz\/cs_cz\/wp-json\/wp\/v2\/media?parent=2"}],"curies":[{"name":"wp","href":"https:\/\/api.w.org\/{rel}","templated":true}]}}