{"id":34,"date":"2026-03-05T10:44:27","date_gmt":"2026-03-05T10:44:27","guid":{"rendered":"https:\/\/vulcano-design.cz\/galerie\/"},"modified":"2026-03-06T04:18:41","modified_gmt":"2026-03-06T04:18:41","slug":"galerie","status":"publish","type":"page","link":"https:\/\/vulcano-design.cz\/cs_cz\/galerie\/","title":{"rendered":"Galerie"},"content":{"rendered":"\n<div class=\"wp-block-group alignfull is-style-ext-preset--group--natural-1--section has-background-background-color has-background\" id=\"galerie\" style=\"margin-top:0;margin-bottom:0;padding-top:var(--wp--preset--spacing--70);padding-bottom:var(--wp--preset--spacing--70)\"><div class=\"wp-block-group__inner-container is-layout-constrained wp-block-group-is-layout-constrained\">\n<div class=\"wp-block-group alignwide ext-is-logical-start is-content-justification-left\"><div class=\"wp-block-group__inner-container is-layout-constrained wp-container-core-group-is-layout-1916714e wp-block-group-is-layout-constrained\">\n<h2 class=\"wp-block-heading ext-animate--on\">Postele spojuj\u00edc\u00ed pevnost a styl<\/h2>\n\n\n\n<p class=\"has-text-align-left ext-animate--on\">Objevte galerii na\u0161ich unik\u00e1tn\u00edch postel\u00ed, kter\u00e9 kombinuj\u00ed odolnost s elegantn\u00edm designem.<\/p>\n<\/div><\/div>\n\n\n\n<div class=\"wp-block-columns alignwide is-layout-flex wp-container-core-columns-is-layout-b0e66f64 wp-block-columns-is-layout-flex\">\n<div class=\"wp-block-column is-vertically-aligned-stretch ext-animate--on is-layout-flow wp-block-column-is-layout-flow\" style=\"flex-basis:50%\">\n<div class=\"wp-block-cover is-style-ext-preset--image--natural-1--image-1--content-top\" style=\"padding-top:0;padding-bottom:0;min-height:100%;aspect-ratio:unset;\"><img fetchpriority=\"high\" decoding=\"async\" width=\"1440\" height=\"1440\" class=\"wp-block-cover__image-background wp-image-110\" alt=\"\" src=\"https:\/\/vulcano-design.cz\/wp-content\/uploads\/2026\/03\/da1a94707b2d2a121042d00fda0dd556f62a8c8c.jpg\" data-object-fit=\"cover\" srcset=\"https:\/\/vulcano-design.cz\/wp-content\/uploads\/2026\/03\/da1a94707b2d2a121042d00fda0dd556f62a8c8c.jpg 1440w, https:\/\/vulcano-design.cz\/wp-content\/uploads\/2026\/03\/da1a94707b2d2a121042d00fda0dd556f62a8c8c-300x300.jpg 300w, https:\/\/vulcano-design.cz\/wp-content\/uploads\/2026\/03\/da1a94707b2d2a121042d00fda0dd556f62a8c8c-1024x1024.jpg 1024w, https:\/\/vulcano-design.cz\/wp-content\/uploads\/2026\/03\/da1a94707b2d2a121042d00fda0dd556f62a8c8c-150x150.jpg 150w, https:\/\/vulcano-design.cz\/wp-content\/uploads\/2026\/03\/da1a94707b2d2a121042d00fda0dd556f62a8c8c-768x768.jpg 768w, https:\/\/vulcano-design.cz\/wp-content\/uploads\/2026\/03\/da1a94707b2d2a121042d00fda0dd556f62a8c8c-12x12.jpg 12w, https:\/\/vulcano-design.cz\/wp-content\/uploads\/2026\/03\/da1a94707b2d2a121042d00fda0dd556f62a8c8c-600x600.jpg 600w, https:\/\/vulcano-design.cz\/wp-content\/uploads\/2026\/03\/da1a94707b2d2a121042d00fda0dd556f62a8c8c-100x100.jpg 100w\" sizes=\"(max-width: 1440px) 100vw, 1440px\" \/><span aria-hidden=\"true\" class=\"wp-block-cover__background has-background-dim-0 has-background-dim\"><\/span><div class=\"wp-block-cover__inner-container is-layout-flow wp-block-cover-is-layout-flow\">\n<div style=\"height:240px\" aria-hidden=\"true\" class=\"wp-block-spacer\"><\/div>\n<\/div><\/div>\n<\/div>\n\n\n\n<div class=\"wp-block-column is-vertically-aligned-top ext-animate--on is-layout-flow wp-block-column-is-layout-flow\">\n<figure class=\"wp-block-image is-style-ext-preset--image--natural-1--image-1--content-top\"><img decoding=\"async\" width=\"960\" height=\"1440\" class=\"wp-image-111\" src=\"https:\/\/vulcano-design.cz\/wp-content\/uploads\/2026\/03\/7ea3491d6dc999d7719ef389207ed7f268c2d550.jpg\" alt=\"\" style=\"aspect-ratio:1;object-fit:cover\" srcset=\"https:\/\/vulcano-design.cz\/wp-content\/uploads\/2026\/03\/7ea3491d6dc999d7719ef389207ed7f268c2d550.jpg 960w, https:\/\/vulcano-design.cz\/wp-content\/uploads\/2026\/03\/7ea3491d6dc999d7719ef389207ed7f268c2d550-200x300.jpg 200w, https:\/\/vulcano-design.cz\/wp-content\/uploads\/2026\/03\/7ea3491d6dc999d7719ef389207ed7f268c2d550-683x1024.jpg 683w, https:\/\/vulcano-design.cz\/wp-content\/uploads\/2026\/03\/7ea3491d6dc999d7719ef389207ed7f268c2d550-768x1152.jpg 768w, https:\/\/vulcano-design.cz\/wp-content\/uploads\/2026\/03\/7ea3491d6dc999d7719ef389207ed7f268c2d550-8x12.jpg 8w, https:\/\/vulcano-design.cz\/wp-content\/uploads\/2026\/03\/7ea3491d6dc999d7719ef389207ed7f268c2d550-600x900.jpg 600w\" sizes=\"(max-width: 960px) 100vw, 960px\" \/><\/figure>\n\n\n\n<figure class=\"wp-block-image is-style-ext-preset--image--natural-1--image-1--content-top\"><img decoding=\"async\" width=\"1440\" height=\"1440\" class=\"wp-image-112\" src=\"https:\/\/vulcano-design.cz\/wp-content\/uploads\/2026\/03\/d4d0e100c60d5499b8ade1d0dbebf6e1c530bbc3.jpg\" alt=\"\" style=\"aspect-ratio:1;object-fit:cover\" srcset=\"https:\/\/vulcano-design.cz\/wp-content\/uploads\/2026\/03\/d4d0e100c60d5499b8ade1d0dbebf6e1c530bbc3.jpg 1440w, https:\/\/vulcano-design.cz\/wp-content\/uploads\/2026\/03\/d4d0e100c60d5499b8ade1d0dbebf6e1c530bbc3-300x300.jpg 300w, https:\/\/vulcano-design.cz\/wp-content\/uploads\/2026\/03\/d4d0e100c60d5499b8ade1d0dbebf6e1c530bbc3-1024x1024.jpg 1024w, https:\/\/vulcano-design.cz\/wp-content\/uploads\/2026\/03\/d4d0e100c60d5499b8ade1d0dbebf6e1c530bbc3-150x150.jpg 150w, https:\/\/vulcano-design.cz\/wp-content\/uploads\/2026\/03\/d4d0e100c60d5499b8ade1d0dbebf6e1c530bbc3-768x768.jpg 768w, https:\/\/vulcano-design.cz\/wp-content\/uploads\/2026\/03\/d4d0e100c60d5499b8ade1d0dbebf6e1c530bbc3-12x12.jpg 12w, https:\/\/vulcano-design.cz\/wp-content\/uploads\/2026\/03\/d4d0e100c60d5499b8ade1d0dbebf6e1c530bbc3-600x600.jpg 600w, https:\/\/vulcano-design.cz\/wp-content\/uploads\/2026\/03\/d4d0e100c60d5499b8ade1d0dbebf6e1c530bbc3-100x100.jpg 100w\" sizes=\"(max-width: 1440px) 100vw, 1440px\" \/><\/figure>\n<\/div>\n\n\n\n<div class=\"wp-block-column is-vertically-aligned-top ext-animate--on is-layout-flow wp-block-column-is-layout-flow\">\n<figure class=\"wp-block-image is-style-ext-preset--image--natural-1--image-1--content-top\"><img loading=\"lazy\" decoding=\"async\" width=\"1440\" height=\"960\" class=\"wp-image-113\" src=\"https:\/\/vulcano-design.cz\/wp-content\/uploads\/2026\/03\/91f92107e4048e1f9ebb5f39ac35be76521beb21.jpg\" alt=\"\" style=\"aspect-ratio:1;object-fit:cover\" srcset=\"https:\/\/vulcano-design.cz\/wp-content\/uploads\/2026\/03\/91f92107e4048e1f9ebb5f39ac35be76521beb21.jpg 1440w, https:\/\/vulcano-design.cz\/wp-content\/uploads\/2026\/03\/91f92107e4048e1f9ebb5f39ac35be76521beb21-300x200.jpg 300w, https:\/\/vulcano-design.cz\/wp-content\/uploads\/2026\/03\/91f92107e4048e1f9ebb5f39ac35be76521beb21-1024x683.jpg 1024w, https:\/\/vulcano-design.cz\/wp-content\/uploads\/2026\/03\/91f92107e4048e1f9ebb5f39ac35be76521beb21-768x512.jpg 768w, https:\/\/vulcano-design.cz\/wp-content\/uploads\/2026\/03\/91f92107e4048e1f9ebb5f39ac35be76521beb21-18x12.jpg 18w, https:\/\/vulcano-design.cz\/wp-content\/uploads\/2026\/03\/91f92107e4048e1f9ebb5f39ac35be76521beb21-600x400.jpg 600w\" sizes=\"(max-width: 1440px) 100vw, 1440px\" \/><\/figure>\n\n\n\n<figure class=\"wp-block-image is-style-ext-preset--image--natural-1--image-1--content-top\"><img loading=\"lazy\" decoding=\"async\" width=\"959\" height=\"1440\" class=\"wp-image-114\" src=\"https:\/\/vulcano-design.cz\/wp-content\/uploads\/2026\/03\/714f5478602896dd5d836e277541c83645c85262.jpg\" alt=\"\" style=\"aspect-ratio:1;object-fit:cover\" srcset=\"https:\/\/vulcano-design.cz\/wp-content\/uploads\/2026\/03\/714f5478602896dd5d836e277541c83645c85262.jpg 959w, https:\/\/vulcano-design.cz\/wp-content\/uploads\/2026\/03\/714f5478602896dd5d836e277541c83645c85262-200x300.jpg 200w, https:\/\/vulcano-design.cz\/wp-content\/uploads\/2026\/03\/714f5478602896dd5d836e277541c83645c85262-682x1024.jpg 682w, https:\/\/vulcano-design.cz\/wp-content\/uploads\/2026\/03\/714f5478602896dd5d836e277541c83645c85262-768x1153.jpg 768w, https:\/\/vulcano-design.cz\/wp-content\/uploads\/2026\/03\/714f5478602896dd5d836e277541c83645c85262-8x12.jpg 8w, https:\/\/vulcano-design.cz\/wp-content\/uploads\/2026\/03\/714f5478602896dd5d836e277541c83645c85262-600x901.jpg 600w\" sizes=\"(max-width: 959px) 100vw, 959px\" \/><\/figure>\n<\/div>\n<\/div>\n<\/div><\/div>\n\n<div class=\"wp-block-group alignfull is-style-ext-preset--group--natural-1--section has-tertiary-background-color has-background\" id=\"o-nas\" style=\"margin-top:0;margin-bottom:0;padding-top:var(--wp--preset--spacing--70);padding-bottom:var(--wp--preset--spacing--70)\"><div class=\"wp-block-group__inner-container is-layout-constrained wp-block-group-is-layout-constrained\">\n<h2 class=\"wp-block-heading has-text-align-center ext-animate--on\">Postele, kter\u00e9 vydr\u017e\u00ed jak v\u00e1\u0161e\u0148, tak odpo\u010dinek<\/h2>\n\n\n\n<p class=\"has-text-align-center ext-animate--on\" style=\"margin-top:1.5rem\">This section provides a detailed and comprehensive overview of your company\u2019s mission, values, and history. It highlights the key principles and values that drive the purpose, goals, and long-term success of your brand and business operations.<\/p>\n<\/div><\/div>\n\n<div class=\"wp-block-group alignfull is-style-ext-preset--group--natural-1--section has-background-background-color has-background\" id=\"funkce\" style=\"margin-top:0;margin-bottom:0;padding-top:var(--wp--preset--spacing--70);padding-bottom:var(--wp--preset--spacing--70)\"><div class=\"wp-block-group__inner-container is-layout-constrained wp-block-group-is-layout-constrained\">\n<h2 class=\"wp-block-heading has-text-align-center\">Robustn\u00ed postele, kter\u00e9 odolaj\u00ed ka\u017ed\u00e9mu testu<\/h2>\n\n\n\n<p class=\"has-text-align-center ext-animate--on\" style=\"margin-top:1.5rem\">Objevte pevnost, styl a komfort, kter\u00e9 prom\u011bn\u00ed va\u0161i lo\u017enici v o\u00e1zu klidu a v\u00e1\u0161n\u011b.<\/p>\n\n\n\n<div class=\"wp-block-columns alignwide is-layout-flex wp-container-core-columns-is-layout-bd0aba32 wp-block-columns-is-layout-flex\">\n<div class=\"wp-block-column is-vertically-aligned-stretch ext-animate--on is-layout-flow wp-block-column-is-layout-flow\">\n<div class=\"wp-block-group is-style-ext-preset--group--natural-1--item-card-1--align-center\"><div class=\"wp-block-group__inner-container is-layout-constrained wp-block-group-is-layout-constrained\">\n<div class=\"wp-block-group is-style-default\"><div class=\"wp-block-group__inner-container is-layout-constrained wp-block-group-is-layout-constrained\"><div class=\"wp-block-image ext-aspect-landscape wp-duotone-varpresetduotoneprimary-foreground-1\">\n<figure class=\"aligncenter size-large\"><img decoding=\"async\" src=\"data:image\/svg+xml;base64,PHN2ZyB4bWxucz0iaHR0cDovL3d3dy53My5vcmcvMjAwMC9zdmciIHdpZHRoPSI0OCIgaGVpZ2h0PSI0OCIgZmlsbD0iIzAwMDAwMCIgdmlld0JveD0iMCAwIDI1NiAyNTYiPjxwYXRoIGQ9Ik0xNzIsNzZhNDQsNDQsMCwxLDAtNDQsNDRBNDQuMDUsNDQuMDUsMCwwLDAsMTcyLDc2Wm0tNDQsMjhhMjgsMjgsMCwxLDEsMjgtMjhBMjgsMjgsMCwwLDEsMTI4LDEwNFptNjAsMjRhNDQsNDQsMCwxLDAsNDQsNDRBNDQuMDUsNDQuMDUsMCwwLDAsMTg4LDEyOFptMCw3MmEyOCwyOCwwLDEsMSwyOC0yOEEyOCwyOCwwLDAsMSwxODgsMjAwWk02OCwxMjhhNDQsNDQsMCwxLDAsNDQsNDRBNDQuMDUsNDQuMDUsMCwwLDAsNjgsMTI4Wm0wLDcyYTI4LDI4LDAsMSwxLDI4LTI4QTI4LDI4LDAsMCwxLDY4LDIwMFoiPjwvcGF0aD48L3N2Zz4=\" alt=\"\" style=\"object-fit:cover\"\/><\/figure>\n<\/div>\n\n\n<h3 class=\"wp-block-heading has-text-align-center\">Nezni\u010diteln\u00e1 konstrukce<\/h3>\n\n\n\n<p class=\"has-text-align-center\">Na\u0161e postele jsou navr\u017eeny pro maxim\u00e1ln\u00ed stabilitu bez vrz\u00e1n\u00ed.<\/p>\n<\/div><\/div>\n<\/div><\/div>\n<\/div>\n\n\n\n<div class=\"wp-block-column is-vertically-aligned-stretch ext-animate--on is-layout-flow wp-block-column-is-layout-flow\">\n<div class=\"wp-block-group is-style-ext-preset--group--natural-1--item-card-1--align-center\"><div class=\"wp-block-group__inner-container is-layout-constrained wp-block-group-is-layout-constrained\">\n<div class=\"wp-block-group is-style-default\"><div class=\"wp-block-group__inner-container is-layout-constrained wp-block-group-is-layout-constrained\"><div class=\"wp-block-image ext-aspect-landscape wp-duotone-varpresetduotoneprimary-foreground-2\">\n<figure class=\"aligncenter size-large\"><img decoding=\"async\" src=\"data:image\/svg+xml;base64,PHN2ZyB4bWxucz0iaHR0cDovL3d3dy53My5vcmcvMjAwMC9zdmciIHdpZHRoPSI0OCIgaGVpZ2h0PSI0OCIgZmlsbD0iIzAwMDAwMCIgdmlld0JveD0iMCAwIDI1NiAyNTYiPjxwYXRoIGQ9Ik04MCw0MGE0MCw0MCwwLDEsMCw0MCw0MEE0MCw0MCwwLDAsMCw4MCw0MFptMCw2NGEyNCwyNCwwLDEsMSwyNC0yNEEyNCwyNCwwLDAsMSw4MCwxMDRabTk2LDE2YTQwLDQwLDAsMSwwLTQwLTQwQTQwLDQwLDAsMCwwLDE3NiwxMjBabTAtNjRhMjQsMjQsMCwxLDEtMjQsMjRBMjQsMjQsMCwwLDEsMTc2LDU2Wk04MCwxMzZhNDAsNDAsMCwxLDAsNDAsNDBBNDAsNDAsMCwwLDAsODAsMTM2Wm0wLDY0YTI0LDI0LDAsMSwxLDI0LTI0QTI0LDI0LDAsMCwxLDgwLDIwMFptOTYtNjRhNDAsNDAsMCwxLDAsNDAsNDBBNDAsNDAsMCwwLDAsMTc2LDEzNlptMCw2NGEyNCwyNCwwLDEsMSwyNC0yNEEyNCwyNCwwLDAsMSwxNzYsMjAwWiI+PC9wYXRoPjwvc3ZnPg==\" alt=\"\" style=\"object-fit:cover\"\/><\/figure>\n<\/div>\n\n\n<h3 class=\"wp-block-heading has-text-align-center\">Elegantn\u00ed design<\/h3>\n\n\n\n<p class=\"has-text-align-center\">Spojujeme modern\u00ed styl s funk\u010dnost\u00ed, kter\u00e1 se hod\u00ed do ka\u017ed\u00e9ho interi\u00e9ru.<\/p>\n<\/div><\/div>\n<\/div><\/div>\n<\/div>\n\n\n\n<div class=\"wp-block-column is-vertically-aligned-stretch ext-animate--on is-layout-flow wp-block-column-is-layout-flow\">\n<div class=\"wp-block-group is-style-ext-preset--group--natural-1--item-card-1--align-center\"><div class=\"wp-block-group__inner-container is-layout-constrained wp-block-group-is-layout-constrained\">\n<div class=\"wp-block-group is-style-default\"><div class=\"wp-block-group__inner-container is-layout-constrained wp-block-group-is-layout-constrained\"><div class=\"wp-block-image ext-aspect-landscape wp-duotone-varpresetduotoneprimary-foreground-3\">\n<figure class=\"aligncenter size-large\"><img decoding=\"async\" src=\"data:image\/svg+xml;base64,PHN2ZyB4bWxucz0iaHR0cDovL3d3dy53My5vcmcvMjAwMC9zdmciIHdpZHRoPSI0OCIgaGVpZ2h0PSI0OCIgZmlsbD0iIzAwMDAwMCIgdmlld0JveD0iMCAwIDI1NiAyNTYiPjxwYXRoIGQ9Ik04MCw0MGE0MCw0MCwwLDEsMCw0MCw0MEE0MCw0MCwwLDAsMCw4MCw0MFptMCw2NGEyNCwyNCwwLDEsMSwyNC0yNEEyNCwyNCwwLDAsMSw4MCwxMDRabTk2LDE2YTQwLDQwLDAsMSwwLTQwLTQwQTQwLDQwLDAsMCwwLDE3NiwxMjBabTAtNjRhMjQsMjQsMCwxLDEtMjQsMjRBMjQsMjQsMCwwLDEsMTc2LDU2Wk04MCwxMzZhNDAsNDAsMCwxLDAsNDAsNDBBNDAsNDAsMCwwLDAsODAsMTM2Wm0wLDY0YTI0LDI0LDAsMSwxLDI0LTI0QTI0LDI0LDAsMCwxLDgwLDIwMFptMTM2LTI0YTgsOCwwLDAsMS04LDhIMTg0djI0YTgsOCwwLDAsMS0xNiwwVjE4NEgxNDRhOCw4LDAsMCwxLDAtMTZoMjRWMTQ0YTgsOCwwLDAsMSwxNiwwdjI0aDI0QTgsOCwwLDAsMSwyMTYsMTc2WiI+PC9wYXRoPjwvc3ZnPg==\" alt=\"\" style=\"object-fit:cover\"\/><\/figure>\n<\/div>\n\n\n<h3 class=\"wp-block-heading has-text-align-center\">Dlouhodob\u00e1 odolnost<\/h3>\n\n\n\n<p class=\"has-text-align-center\">Materi\u00e1ly nejvy\u0161\u0161\u00ed kvality zaru\u010duj\u00ed dlouhou \u017eivotnost a spokojenost.<\/p>\n<\/div><\/div>\n<\/div><\/div>\n<\/div>\n<\/div>\n<\/div><\/div>\n","protected":false},"excerpt":{"rendered":"<p>Postele spojuj\u00edc\u00ed pevnost a styl Objevte galerii na\u0161ich unik\u00e1tn\u00edch postel\u00ed, kter\u00e9 kombinuj\u00ed odolnost s elegantn\u00edm designem. Postele, kter\u00e9 vydr\u017e\u00ed jak v\u00e1\u0161e\u0148, tak odpo\u010dinek This section provides a detailed and comprehensive overview of your company\u2019s mission, values, and history. It highlights the key principles and values that drive the purpose, goals, and long-term success of your<\/p>\n<div class=\"more-link\">\n             <a href=\"https:\/\/vulcano-design.cz\/cs_cz\/galerie\/\" class=\"theme-btn\"><span>Pokra\u010dovat ve \u010dten\u00ed <\/span><i class=\"bi bi-arrow-right\"><\/i><\/a>\n        <\/div>\n","protected":false},"author":1,"featured_media":0,"parent":0,"menu_order":0,"comment_status":"closed","ping_status":"closed","template":"page-with-title","meta":{"_monsterinsights_skip_tracking":false,"_monsterinsights_sitenote_active":false,"_monsterinsights_sitenote_note":"","_monsterinsights_sitenote_category":0,"footnotes":""},"class_list":["post-34","page","type-page","status-publish","hentry"],"aioseo_notices":[],"jetpack_sharing_enabled":true,"_links":{"self":[{"href":"https:\/\/vulcano-design.cz\/cs_cz\/wp-json\/wp\/v2\/pages\/34","targetHints":{"allow":["GET"]}}],"collection":[{"href":"https:\/\/vulcano-design.cz\/cs_cz\/wp-json\/wp\/v2\/pages"}],"about":[{"href":"https:\/\/vulcano-design.cz\/cs_cz\/wp-json\/wp\/v2\/types\/page"}],"author":[{"embeddable":true,"href":"https:\/\/vulcano-design.cz\/cs_cz\/wp-json\/wp\/v2\/users\/1"}],"replies":[{"embeddable":true,"href":"https:\/\/vulcano-design.cz\/cs_cz\/wp-json\/wp\/v2\/comments?post=34"}],"version-history":[{"count":0,"href":"https:\/\/vulcano-design.cz\/cs_cz\/wp-json\/wp\/v2\/pages\/34\/revisions"}],"wp:attachment":[{"href":"https:\/\/vulcano-design.cz\/cs_cz\/wp-json\/wp\/v2\/media?parent=34"}],"curies":[{"name":"wp","href":"https:\/\/api.w.org\/{rel}","templated":true}]}}